{"id":69,"date":"2026-03-13T22:59:27","date_gmt":"2026-03-13T22:59:27","guid":{"rendered":"https:\/\/cikinuhmay.com.mx\/?page_id=69"},"modified":"2026-03-26T01:08:56","modified_gmt":"2026-03-26T01:08:56","slug":"lotes-en-tulum","status":"publish","type":"page","link":"https:\/\/cikinuhmay.com.mx\/en\/","title":{"rendered":"Lotes en venta en Tulum \u2013 Cikin Uh May"},"content":{"rendered":"","protected":false},"excerpt":{"rendered":"","protected":false},"author":1,"featured_media":25,"parent":0,"menu_order":0,"comment_status":"closed","ping_status":"closed","template":"","meta":{"footnotes":""},"class_list":["post-69","page","type-page","status-publish","has-post-thumbnail","hentry"],"yoast_head":"<!-- This site is optimized with the Yoast SEO plugin v27.4 - https:\/\/yoast.com\/product\/yoast-seo-wordpress\/ -->\n<title>Terrenos de inversi\u00f3n en Tulum \u2013 Cikin Uh May<\/title>\n<meta name=\"description\" content=\"Descubre terrenos de inversi\u00f3n en Tulum, lotes residenciales con t\u00edtulo de propiedad, financiamiento y excelente ubicaci\u00f3n sobre la carretera Tulum\u2013Cob\u00e1\" \/>\n<meta name=\"robots\" content=\"index, follow, max-snippet:-1, max-image-preview:large, max-video-preview:-1\" \/>\n<link rel=\"canonical\" href=\"https:\/\/cikinuhmay.com.mx\/en\/\" \/>\n<meta property=\"og:locale\" content=\"en_US\" \/>\n<meta property=\"og:type\" content=\"article\" \/>\n<meta property=\"og:title\" content=\"Inversi\u00f3n inmobiliaria Tulum\" \/>\n<meta property=\"og:description\" content=\"Lotes residenciales en Tulum con t\u00edtulo de propiedad, predial pagado al 2026 y plusval\u00eda del 15% anual. Financiamiento propio a 36 meses sin banco. Km. 21.4 Carretera Tulum\u2013Cob\u00e1, Quintana Roo.\" \/>\n<meta property=\"og:url\" content=\"https:\/\/cikinuhmay.com.mx\/en\/\" \/>\n<meta property=\"og:site_name\" content=\"cikinuhmay.com.mx\" \/>\n<meta property=\"article:publisher\" content=\"https:\/\/www.facebook.com\/profile.php?id=61560050670807\" \/>\n<meta property=\"article:modified_time\" content=\"2026-03-26T01:08:56+00:00\" \/>\n<meta property=\"og:image\" content=\"https:\/\/cikinuhmay.com.mx\/wp-content\/uploads\/2026\/03\/dsc02598-1024x685-1.jpg\" \/>\n\t<meta property=\"og:image:width\" content=\"1024\" \/>\n\t<meta property=\"og:image:height\" content=\"685\" \/>\n\t<meta property=\"og:image:type\" content=\"image\/jpeg\" \/>\n<meta name=\"twitter:card\" content=\"summary_large_image\" \/>\n<meta name=\"twitter:label1\" content=\"Est. reading time\" \/>\n\t<meta name=\"twitter:data1\" content=\"1 minute\" \/>\n<script type=\"application\/ld+json\" class=\"yoast-schema-graph\">{\"@context\":\"https:\\\/\\\/schema.org\",\"@graph\":[{\"@type\":[\"Article\",\"Report\"],\"@id\":\"https:\\\/\\\/cikinuhmay.com.mx\\\/#article\",\"isPartOf\":{\"@id\":\"https:\\\/\\\/cikinuhmay.com.mx\\\/\"},\"author\":{\"name\":\"urezule@gmail.com\",\"@id\":\"https:\\\/\\\/cikinuhmay.com.mx\\\/en\\\/#\\\/schema\\\/person\\\/524e079bc1fa95329c1e55b69a22a86a\"},\"headline\":\"Lotes en venta en Tulum \u2013 Cikin Uh May\",\"datePublished\":\"2026-03-13T22:59:27+00:00\",\"dateModified\":\"2026-03-26T01:08:56+00:00\",\"mainEntityOfPage\":{\"@id\":\"https:\\\/\\\/cikinuhmay.com.mx\\\/\"},\"wordCount\":8,\"publisher\":{\"@id\":\"https:\\\/\\\/cikinuhmay.com.mx\\\/en\\\/#organization\"},\"image\":{\"@id\":\"https:\\\/\\\/cikinuhmay.com.mx\\\/#primaryimage\"},\"thumbnailUrl\":\"https:\\\/\\\/cikinuhmay.com.mx\\\/wp-content\\\/uploads\\\/2026\\\/03\\\/dsc02598-1024x685-1.jpg\",\"inLanguage\":\"en-US\"},{\"@type\":\"WebPage\",\"@id\":\"https:\\\/\\\/cikinuhmay.com.mx\\\/\",\"url\":\"https:\\\/\\\/cikinuhmay.com.mx\\\/\",\"name\":\"Terrenos de inversi\u00f3n en Tulum \u2013 Cikin Uh May\",\"isPartOf\":{\"@id\":\"https:\\\/\\\/cikinuhmay.com.mx\\\/en\\\/#website\"},\"primaryImageOfPage\":{\"@id\":\"https:\\\/\\\/cikinuhmay.com.mx\\\/#primaryimage\"},\"image\":{\"@id\":\"https:\\\/\\\/cikinuhmay.com.mx\\\/#primaryimage\"},\"thumbnailUrl\":\"https:\\\/\\\/cikinuhmay.com.mx\\\/wp-content\\\/uploads\\\/2026\\\/03\\\/dsc02598-1024x685-1.jpg\",\"datePublished\":\"2026-03-13T22:59:27+00:00\",\"dateModified\":\"2026-03-26T01:08:56+00:00\",\"description\":\"Descubre terrenos de inversi\u00f3n en Tulum, lotes residenciales con t\u00edtulo de propiedad, financiamiento y excelente ubicaci\u00f3n sobre la carretera Tulum\u2013Cob\u00e1\",\"breadcrumb\":{\"@id\":\"https:\\\/\\\/cikinuhmay.com.mx\\\/#breadcrumb\"},\"inLanguage\":\"en-US\",\"potentialAction\":[{\"@type\":\"ReadAction\",\"target\":[\"https:\\\/\\\/cikinuhmay.com.mx\\\/\"]}]},{\"@type\":\"ImageObject\",\"inLanguage\":\"en-US\",\"@id\":\"https:\\\/\\\/cikinuhmay.com.mx\\\/#primaryimage\",\"url\":\"https:\\\/\\\/cikinuhmay.com.mx\\\/wp-content\\\/uploads\\\/2026\\\/03\\\/dsc02598-1024x685-1.jpg\",\"contentUrl\":\"https:\\\/\\\/cikinuhmay.com.mx\\\/wp-content\\\/uploads\\\/2026\\\/03\\\/dsc02598-1024x685-1.jpg\",\"width\":1024,\"height\":685},{\"@type\":\"BreadcrumbList\",\"@id\":\"https:\\\/\\\/cikinuhmay.com.mx\\\/#breadcrumb\",\"itemListElement\":[{\"@type\":\"ListItem\",\"position\":1,\"name\":\"Inicio\",\"item\":\"https:\\\/\\\/cikinuhmay.com.mx\\\/\"},{\"@type\":\"ListItem\",\"position\":2,\"name\":\"Lotes en venta en Tulum \u2013 Cikin Uh May\"}]},{\"@type\":\"WebSite\",\"@id\":\"https:\\\/\\\/cikinuhmay.com.mx\\\/en\\\/#website\",\"url\":\"https:\\\/\\\/cikinuhmay.com.mx\\\/en\\\/\",\"name\":\"cikinuhmay.com.mx\",\"description\":\"\",\"publisher\":{\"@id\":\"https:\\\/\\\/cikinuhmay.com.mx\\\/en\\\/#organization\"},\"potentialAction\":[{\"@type\":\"SearchAction\",\"target\":{\"@type\":\"EntryPoint\",\"urlTemplate\":\"https:\\\/\\\/cikinuhmay.com.mx\\\/en\\\/?s={search_term_string}\"},\"query-input\":{\"@type\":\"PropertyValueSpecification\",\"valueRequired\":true,\"valueName\":\"search_term_string\"}}],\"inLanguage\":\"en-US\"},{\"@type\":\"Organization\",\"@id\":\"https:\\\/\\\/cikinuhmay.com.mx\\\/en\\\/#organization\",\"name\":\"cikinuhmay.com.mx\",\"url\":\"https:\\\/\\\/cikinuhmay.com.mx\\\/en\\\/\",\"logo\":{\"@type\":\"ImageObject\",\"inLanguage\":\"en-US\",\"@id\":\"https:\\\/\\\/cikinuhmay.com.mx\\\/en\\\/#\\\/schema\\\/logo\\\/image\\\/\",\"url\":\"https:\\\/\\\/cikinuhmay.com.mx\\\/wp-content\\\/uploads\\\/2026\\\/03\\\/b20230615055247.png\",\"contentUrl\":\"https:\\\/\\\/cikinuhmay.com.mx\\\/wp-content\\\/uploads\\\/2026\\\/03\\\/b20230615055247.png\",\"width\":250,\"height\":90,\"caption\":\"cikinuhmay.com.mx\"},\"image\":{\"@id\":\"https:\\\/\\\/cikinuhmay.com.mx\\\/en\\\/#\\\/schema\\\/logo\\\/image\\\/\"},\"sameAs\":[\"https:\\\/\\\/www.facebook.com\\\/profile.php?id=61560050670807\"]},{\"@type\":\"Person\",\"@id\":\"https:\\\/\\\/cikinuhmay.com.mx\\\/en\\\/#\\\/schema\\\/person\\\/524e079bc1fa95329c1e55b69a22a86a\",\"name\":\"urezule@gmail.com\",\"image\":{\"@type\":\"ImageObject\",\"inLanguage\":\"en-US\",\"@id\":\"https:\\\/\\\/secure.gravatar.com\\\/avatar\\\/fa7113ff7d23b1dbedb93152be3c312c88ea08ce40c0e50a09338e51555c26fd?s=96&d=mm&r=g\",\"url\":\"https:\\\/\\\/secure.gravatar.com\\\/avatar\\\/fa7113ff7d23b1dbedb93152be3c312c88ea08ce40c0e50a09338e51555c26fd?s=96&d=mm&r=g\",\"contentUrl\":\"https:\\\/\\\/secure.gravatar.com\\\/avatar\\\/fa7113ff7d23b1dbedb93152be3c312c88ea08ce40c0e50a09338e51555c26fd?s=96&d=mm&r=g\",\"caption\":\"urezule@gmail.com\"},\"sameAs\":[\"https:\\\/\\\/cikinuhmay.com.mx\"],\"url\":\"https:\\\/\\\/cikinuhmay.com.mx\\\/en\\\/author\\\/urezulegmail-com\\\/\"}]}<\/script>\n<!-- \/ Yoast SEO plugin. -->","yoast_head_json":{"title":"Terrenos de inversi\u00f3n en Tulum \u2013 Cikin Uh May","description":"Descubre terrenos de inversi\u00f3n en Tulum, lotes residenciales con t\u00edtulo de propiedad, financiamiento y excelente ubicaci\u00f3n sobre la carretera Tulum\u2013Cob\u00e1","robots":{"index":"index","follow":"follow","max-snippet":"max-snippet:-1","max-image-preview":"max-image-preview:large","max-video-preview":"max-video-preview:-1"},"canonical":"https:\/\/cikinuhmay.com.mx\/en\/","og_locale":"en_US","og_type":"article","og_title":"Inversi\u00f3n inmobiliaria Tulum","og_description":"Lotes residenciales en Tulum con t\u00edtulo de propiedad, predial pagado al 2026 y plusval\u00eda del 15% anual. Financiamiento propio a 36 meses sin banco. Km. 21.4 Carretera Tulum\u2013Cob\u00e1, Quintana Roo.","og_url":"https:\/\/cikinuhmay.com.mx\/en\/","og_site_name":"cikinuhmay.com.mx","article_publisher":"https:\/\/www.facebook.com\/profile.php?id=61560050670807","article_modified_time":"2026-03-26T01:08:56+00:00","og_image":[{"width":1024,"height":685,"url":"https:\/\/cikinuhmay.com.mx\/wp-content\/uploads\/2026\/03\/dsc02598-1024x685-1.jpg","type":"image\/jpeg"}],"twitter_card":"summary_large_image","twitter_misc":{"Est. reading time":"1 minute"},"schema":{"@context":"https:\/\/schema.org","@graph":[{"@type":["Article","Report"],"@id":"https:\/\/cikinuhmay.com.mx\/#article","isPartOf":{"@id":"https:\/\/cikinuhmay.com.mx\/"},"author":{"name":"urezule@gmail.com","@id":"https:\/\/cikinuhmay.com.mx\/en\/#\/schema\/person\/524e079bc1fa95329c1e55b69a22a86a"},"headline":"Lotes en venta en Tulum \u2013 Cikin Uh May","datePublished":"2026-03-13T22:59:27+00:00","dateModified":"2026-03-26T01:08:56+00:00","mainEntityOfPage":{"@id":"https:\/\/cikinuhmay.com.mx\/"},"wordCount":8,"publisher":{"@id":"https:\/\/cikinuhmay.com.mx\/en\/#organization"},"image":{"@id":"https:\/\/cikinuhmay.com.mx\/#primaryimage"},"thumbnailUrl":"https:\/\/cikinuhmay.com.mx\/wp-content\/uploads\/2026\/03\/dsc02598-1024x685-1.jpg","inLanguage":"en-US"},{"@type":"WebPage","@id":"https:\/\/cikinuhmay.com.mx\/","url":"https:\/\/cikinuhmay.com.mx\/","name":"Terrenos de inversi\u00f3n en Tulum \u2013 Cikin Uh May","isPartOf":{"@id":"https:\/\/cikinuhmay.com.mx\/en\/#website"},"primaryImageOfPage":{"@id":"https:\/\/cikinuhmay.com.mx\/#primaryimage"},"image":{"@id":"https:\/\/cikinuhmay.com.mx\/#primaryimage"},"thumbnailUrl":"https:\/\/cikinuhmay.com.mx\/wp-content\/uploads\/2026\/03\/dsc02598-1024x685-1.jpg","datePublished":"2026-03-13T22:59:27+00:00","dateModified":"2026-03-26T01:08:56+00:00","description":"Descubre terrenos de inversi\u00f3n en Tulum, lotes residenciales con t\u00edtulo de propiedad, financiamiento y excelente ubicaci\u00f3n sobre la carretera Tulum\u2013Cob\u00e1","breadcrumb":{"@id":"https:\/\/cikinuhmay.com.mx\/#breadcrumb"},"inLanguage":"en-US","potentialAction":[{"@type":"ReadAction","target":["https:\/\/cikinuhmay.com.mx\/"]}]},{"@type":"ImageObject","inLanguage":"en-US","@id":"https:\/\/cikinuhmay.com.mx\/#primaryimage","url":"https:\/\/cikinuhmay.com.mx\/wp-content\/uploads\/2026\/03\/dsc02598-1024x685-1.jpg","contentUrl":"https:\/\/cikinuhmay.com.mx\/wp-content\/uploads\/2026\/03\/dsc02598-1024x685-1.jpg","width":1024,"height":685},{"@type":"BreadcrumbList","@id":"https:\/\/cikinuhmay.com.mx\/#breadcrumb","itemListElement":[{"@type":"ListItem","position":1,"name":"Inicio","item":"https:\/\/cikinuhmay.com.mx\/"},{"@type":"ListItem","position":2,"name":"Lotes en venta en Tulum \u2013 Cikin Uh May"}]},{"@type":"WebSite","@id":"https:\/\/cikinuhmay.com.mx\/en\/#website","url":"https:\/\/cikinuhmay.com.mx\/en\/","name":"cikinuhmay.com.mx","description":"","publisher":{"@id":"https:\/\/cikinuhmay.com.mx\/en\/#organization"},"potentialAction":[{"@type":"SearchAction","target":{"@type":"EntryPoint","urlTemplate":"https:\/\/cikinuhmay.com.mx\/en\/?s={search_term_string}"},"query-input":{"@type":"PropertyValueSpecification","valueRequired":true,"valueName":"search_term_string"}}],"inLanguage":"en-US"},{"@type":"Organization","@id":"https:\/\/cikinuhmay.com.mx\/en\/#organization","name":"cikinuhmay.com.mx","url":"https:\/\/cikinuhmay.com.mx\/en\/","logo":{"@type":"ImageObject","inLanguage":"en-US","@id":"https:\/\/cikinuhmay.com.mx\/en\/#\/schema\/logo\/image\/","url":"https:\/\/cikinuhmay.com.mx\/wp-content\/uploads\/2026\/03\/b20230615055247.png","contentUrl":"https:\/\/cikinuhmay.com.mx\/wp-content\/uploads\/2026\/03\/b20230615055247.png","width":250,"height":90,"caption":"cikinuhmay.com.mx"},"image":{"@id":"https:\/\/cikinuhmay.com.mx\/en\/#\/schema\/logo\/image\/"},"sameAs":["https:\/\/www.facebook.com\/profile.php?id=61560050670807"]},{"@type":"Person","@id":"https:\/\/cikinuhmay.com.mx\/en\/#\/schema\/person\/524e079bc1fa95329c1e55b69a22a86a","name":"urezule@gmail.com","image":{"@type":"ImageObject","inLanguage":"en-US","@id":"https:\/\/secure.gravatar.com\/avatar\/fa7113ff7d23b1dbedb93152be3c312c88ea08ce40c0e50a09338e51555c26fd?s=96&d=mm&r=g","url":"https:\/\/secure.gravatar.com\/avatar\/fa7113ff7d23b1dbedb93152be3c312c88ea08ce40c0e50a09338e51555c26fd?s=96&d=mm&r=g","contentUrl":"https:\/\/secure.gravatar.com\/avatar\/fa7113ff7d23b1dbedb93152be3c312c88ea08ce40c0e50a09338e51555c26fd?s=96&d=mm&r=g","caption":"urezule@gmail.com"},"sameAs":["https:\/\/cikinuhmay.com.mx"],"url":"https:\/\/cikinuhmay.com.mx\/en\/author\/urezulegmail-com\/"}]}},"_hostinger_reach_plugin_has_subscription_block":false,"_hostinger_reach_plugin_is_elementor":false,"_links":{"self":[{"href":"https:\/\/cikinuhmay.com.mx\/en\/wp-json\/wp\/v2\/pages\/69","targetHints":{"allow":["GET"]}}],"collection":[{"href":"https:\/\/cikinuhmay.com.mx\/en\/wp-json\/wp\/v2\/pages"}],"about":[{"href":"https:\/\/cikinuhmay.com.mx\/en\/wp-json\/wp\/v2\/types\/page"}],"author":[{"embeddable":true,"href":"https:\/\/cikinuhmay.com.mx\/en\/wp-json\/wp\/v2\/users\/1"}],"replies":[{"embeddable":true,"href":"https:\/\/cikinuhmay.com.mx\/en\/wp-json\/wp\/v2\/comments?post=69"}],"version-history":[{"count":8,"href":"https:\/\/cikinuhmay.com.mx\/en\/wp-json\/wp\/v2\/pages\/69\/revisions"}],"predecessor-version":[{"id":108,"href":"https:\/\/cikinuhmay.com.mx\/en\/wp-json\/wp\/v2\/pages\/69\/revisions\/108"}],"wp:featuredmedia":[{"embeddable":true,"href":"https:\/\/cikinuhmay.com.mx\/en\/wp-json\/wp\/v2\/media\/25"}],"wp:attachment":[{"href":"https:\/\/cikinuhmay.com.mx\/en\/wp-json\/wp\/v2\/media?parent=69"}],"curies":[{"name":"wp","href":"https:\/\/api.w.org\/{rel}","templated":true}]}}